{"id":1015,"date":"2025-07-29T20:09:50","date_gmt":"2025-07-29T19:09:50","guid":{"rendered":"https:\/\/carpinslovenia.com\/?page_id=1015"},"modified":"2025-08-08T14:00:30","modified_gmt":"2025-08-08T13:00:30","slug":"sola-krapolova","status":"publish","type":"page","link":"https:\/\/carpinslovenia.com\/en\/sola-krapolova\/","title":{"rendered":"Carp Fishing School"},"content":{"rendered":"<div data-elementor-type=\"wp-page\" data-elementor-id=\"1015\" class=\"elementor elementor-1015\" data-elementor-post-type=\"page\">\n\t\t\t\t<div class=\"elementor-element elementor-element-20ebb1d e-con-full e-flex wpr-particle-no wpr-jarallax-no wpr-parallax-no wpr-sticky-section-no e-con e-parent\" data-id=\"20ebb1d\" data-element_type=\"container\" data-e-type=\"container\">\n\t\t\t\t<div class=\"elementor-element elementor-element-666eca0 elementor-widget elementor-widget-heading\" data-id=\"666eca0\" data-element_type=\"widget\" data-e-type=\"widget\" data-widget_type=\"heading.default\">\n\t\t\t\t\t<h1 class=\"elementor-heading-title elementor-size-default\">CARP FISHING SCHOOL<\/h1>\t\t\t\t<\/div>\n\t\t<div class=\"elementor-element elementor-element-b041612 e-flex e-con-boxed wpr-particle-no wpr-jarallax-no wpr-parallax-no wpr-sticky-section-no e-con e-child\" data-id=\"b041612\" data-element_type=\"container\" data-e-type=\"container\" data-settings=\"{&quot;background_background&quot;:&quot;classic&quot;,&quot;background_motion_fx_motion_fx_mouse&quot;:&quot;yes&quot;,&quot;background_motion_fx_mouseTrack_effect&quot;:&quot;yes&quot;,&quot;background_motion_fx_mouseTrack_speed&quot;:{&quot;unit&quot;:&quot;px&quot;,&quot;size&quot;:1,&quot;sizes&quot;:[]}}\">\n\t\t\t\t\t<div class=\"e-con-inner\">\n\t\t\t\t<div class=\"elementor-element elementor-element-dca93d7 elementor-widget elementor-widget-heading\" data-id=\"dca93d7\" data-element_type=\"widget\" data-e-type=\"widget\" data-widget_type=\"heading.default\">\n\t\t\t\t\t<p class=\"elementor-heading-title elementor-size-default\">Carp fishing school is currently unavailable<\/p>\t\t\t\t<\/div>\n\t\t\t\t<div class=\"elementor-element elementor-element-2007cdb elementor-widget elementor-widget-text-editor\" data-id=\"2007cdb\" data-element_type=\"widget\" data-e-type=\"widget\" data-widget_type=\"text-editor.default\">\n\t\t\t\t\t\t\t\t\t<p>Due to all slots being filled, carp fishing school is currently unavailable. If you have at least some knowledge, we kindly ask you to find a slot that suits you best. Thank you for your understanding!<\/p><p><strong>\u0160KKS<\/strong><\/p>\t\t\t\t\t\t\t\t<\/div>\n\t\t\t\t\t    \t            <button class=\"e-button-base\" data-interaction-id=\"3904c23\" data-interactions=\"&#x5B;&#x5D;\"  data-e-type=\"widget\" data-id=\"3904c23\">\n            Click here\n        <\/button>\n    \t\t\t\t<div class=\"elementor-element elementor-element-666b387 elementor-button-info elementor-align-center elementor-widget elementor-widget-button\" data-id=\"666b387\" data-element_type=\"widget\" data-e-type=\"widget\" data-widget_type=\"button.default\">\n\t\t\t\t\t\t\t\t\t\t<a class=\"elementor-button elementor-button-link elementor-size-sm\" href=\"\/en\/prosti-termini\/\">\n\t\t\t\t\t\t<span class=\"elementor-button-content-wrapper\">\n\t\t\t\t\t\t\t\t\t<span class=\"elementor-button-text\">BOOK AN APPOINTMENT<\/span>\n\t\t\t\t\t<\/span>\n\t\t\t\t\t<\/a>\n\t\t\t\t\t\t\t\t<\/div>\n\t\t\t\t\t<\/div>\n\t\t\t\t<\/div>\n\t\t<header class=\"elementor-element elementor-element-07a7648 e-con-full e-flex wpr-particle-no wpr-jarallax-no wpr-parallax-no wpr-sticky-section-no e-con e-child\" data-id=\"07a7648\" data-element_type=\"container\" data-e-type=\"container\">\n\t\t\t\t<div class=\"elementor-element elementor-element-a6759a2 elementor-widget-divider--view-line elementor-widget elementor-widget-divider\" data-id=\"a6759a2\" data-element_type=\"widget\" data-e-type=\"widget\" data-widget_type=\"divider.default\">\n\t\t\t\t\t\t\t<div class=\"elementor-divider\">\n\t\t\t<span class=\"elementor-divider-separator\">\n\t\t\t\t\t\t<\/span>\n\t\t<\/div>\n\t\t\t\t\t\t<\/div>\n\t\t\t\t<div class=\"elementor-element elementor-element-670431c elementor-widget elementor-widget-heading\" data-id=\"670431c\" data-element_type=\"widget\" data-e-type=\"widget\" data-widget_type=\"heading.default\">\n\t\t\t\t\t<p class=\"elementor-heading-title elementor-size-default\">Take Your Carp Fishing Skills to the Next Level!<\/p>\t\t\t\t<\/div>\n\t\t\t\t<\/header>\n\t\t\t\t<div class=\"elementor-element elementor-element-4a87b64 elementor-widget elementor-widget-heading\" data-id=\"4a87b64\" data-element_type=\"widget\" data-e-type=\"widget\" data-widget_type=\"heading.default\">\n\t\t\t\t\t<h2 class=\"elementor-heading-title elementor-size-default\">Carp Fishing Course <\/h2>\t\t\t\t<\/div>\n\t\t<div class=\"elementor-element elementor-element-cfac2e9 e-con-full e-flex wpr-particle-no wpr-jarallax-no wpr-parallax-no wpr-sticky-section-no e-con e-child\" data-id=\"cfac2e9\" data-element_type=\"container\" data-e-type=\"container\">\n\t\t\t\t<div class=\"elementor-element elementor-element-abe3298 elementor-widget elementor-widget-text-editor\" data-id=\"abe3298\" data-element_type=\"widget\" data-e-type=\"widget\" data-widget_type=\"text-editor.default\">\n\t\t\t\t\t\t\t\t\t<p>This course is designed for anglers who already know the basics of carp fishing and want to improve their skills. We offer in-depth training in advanced techniques and strategies to help you catch more and bigger carp.<\/p>\t\t\t\t\t\t\t\t<\/div>\n\t\t\t\t<div class=\"elementor-element elementor-element-76ec2cd elementor-widget-divider--view-line elementor-widget elementor-widget-divider\" data-id=\"76ec2cd\" data-element_type=\"widget\" data-e-type=\"widget\" data-widget_type=\"divider.default\">\n\t\t\t\t\t\t\t<div class=\"elementor-divider\">\n\t\t\t<span class=\"elementor-divider-separator\">\n\t\t\t\t\t\t<\/span>\n\t\t<\/div>\n\t\t\t\t\t\t<\/div>\n\t\t\t\t<\/div>\n\t\t\t\t<div class=\"elementor-element elementor-element-c3c4098 elementor-widget elementor-widget-heading\" data-id=\"c3c4098\" data-element_type=\"widget\" data-e-type=\"widget\" data-widget_type=\"heading.default\">\n\t\t\t\t\t<h2 class=\"elementor-heading-title elementor-size-default\">C&amp;R Carp Fishing<\/h2>\t\t\t\t<\/div>\n\t\t\t\t<div class=\"elementor-element elementor-element-7a4fff2 elementor-widget elementor-widget-text-editor\" data-id=\"7a4fff2\" data-element_type=\"widget\" data-e-type=\"widget\" data-widget_type=\"text-editor.default\">\n\t\t\t\t\t\t\t\t\t<p><strong>Course Highlights:<\/strong><\/p><p><strong>Advanced Techniques:<\/strong> Learn proven methods that help you catch carp at any location. We\u2019ll cover different approaches based on water conditions and seasons to achieve the best results.<\/p><p><strong>Complex Rigs:<\/strong> Expand your knowledge with advanced rig-making techniques. You\u2019ll learn how to build and use rigs adapted to various conditions, increasing your chances of success.<\/p><p><strong>Baiting Strategy:<\/strong> Discover multiple baiting techniques, how to properly prepare a baiting area, and how to choose and present hookbaits that carp will find more easily and be more likely to take.<\/p><p><strong>Skill Development:<\/strong> Build on what you already know by learning new tips and tactics you can apply immediately on the bank.<\/p><p><strong>Spot Selection and Marking:<\/strong> Improve your ability to choose and accurately mark spots that carp are naturally drawn to. You\u2019ll learn how to locate and recognize hidden underwater structures where carp tend to stay.<\/p><p><strong>Course Fee:<\/strong><\/p><p>The price depends on the number of hours you wish to spend by the water with an experienced instructor who has years of knowledge from both local and international waters.<\/p><p>The course fee includes all required bait and high-quality terminal tackle. We recommend bringing your own gear, as using your own rods and equipment helps you feel more comfortable and confident. If you\u2019re missing any piece of equipment, we\u2019ll be happy to arrange it in advance.<\/p><p>This course is ideal for carp anglers who want to step up their game and take on bigger challenges. By mastering more advanced techniques, you\u2019ll boost your success rate and experience the unforgettable satisfaction of landing impressive carp.<\/p>\t\t\t\t\t\t\t\t<\/div>\n\t\t\t\t<div class=\"elementor-element elementor-element-98a37a6 elementor-button-info elementor-align-center elementor-widget elementor-widget-button\" data-id=\"98a37a6\" data-element_type=\"widget\" data-e-type=\"widget\" data-widget_type=\"button.default\">\n\t\t\t\t\t\t\t\t\t\t<a class=\"elementor-button elementor-button-link elementor-size-sm\" href=\"\/en\/prosti-termini\/\">\n\t\t\t\t\t\t<span class=\"elementor-button-content-wrapper\">\n\t\t\t\t\t\t\t\t\t<span class=\"elementor-button-text\">BOOK AN APPOINTMENT<\/span>\n\t\t\t\t\t<\/span>\n\t\t\t\t\t<\/a>\n\t\t\t\t\t\t\t\t<\/div>\n\t\t\t\t<\/div>\n\t\t\t\t<\/div>","protected":false},"excerpt":{"rendered":"<p>\u0160OLA KRAPOLOVA \u0160ola krapolova trenutno ni na razpolago Zaradi zasedenosti vseh terminov \u0161ola krapolova trenutno ni mogo\u010da. V kolikor imate vsaj nekaj znanja vas napro\u0161amo, da poi\u0161\u010dete termin, ki vam&hellip;<\/p>","protected":false},"author":1,"featured_media":0,"parent":0,"menu_order":0,"comment_status":"closed","ping_status":"closed","template":"elementor_header_footer","meta":{"footnotes":""},"class_list":["post-1015","page","type-page","status-publish","hentry"],"_links":{"self":[{"href":"https:\/\/carpinslovenia.com\/en\/wp-json\/wp\/v2\/pages\/1015","targetHints":{"allow":["GET"]}}],"collection":[{"href":"https:\/\/carpinslovenia.com\/en\/wp-json\/wp\/v2\/pages"}],"about":[{"href":"https:\/\/carpinslovenia.com\/en\/wp-json\/wp\/v2\/types\/page"}],"author":[{"embeddable":true,"href":"https:\/\/carpinslovenia.com\/en\/wp-json\/wp\/v2\/users\/1"}],"replies":[{"embeddable":true,"href":"https:\/\/carpinslovenia.com\/en\/wp-json\/wp\/v2\/comments?post=1015"}],"version-history":[{"count":0,"href":"https:\/\/carpinslovenia.com\/en\/wp-json\/wp\/v2\/pages\/1015\/revisions"}],"wp:attachment":[{"href":"https:\/\/carpinslovenia.com\/en\/wp-json\/wp\/v2\/media?parent=1015"}],"curies":[{"name":"wp","href":"https:\/\/api.w.org\/{rel}","templated":true}]}}