{"id":908,"date":"2025-07-01T13:30:39","date_gmt":"2025-07-01T12:30:39","guid":{"rendered":"https:\/\/carpinslovenia.com\/?page_id=908"},"modified":"2025-07-11T14:03:43","modified_gmt":"2025-07-11T13:03:43","slug":"pravno-obvestilo","status":"publish","type":"page","link":"https:\/\/carpinslovenia.com\/en\/pravno-obvestilo\/","title":{"rendered":"Legal Notice"},"content":{"rendered":"<div data-elementor-type=\"wp-page\" data-elementor-id=\"908\" class=\"elementor elementor-908\" data-elementor-post-type=\"page\">\n\t\t\t\t<div class=\"elementor-element elementor-element-ecf59ad e-flex e-con-boxed wpr-particle-no wpr-jarallax-no wpr-parallax-no wpr-sticky-section-no e-con e-parent\" data-id=\"ecf59ad\" data-element_type=\"container\" data-e-type=\"container\">\n\t\t\t\t\t<div class=\"e-con-inner\">\n\t\t\t\t<div class=\"elementor-element elementor-element-e827232 elementor-widget elementor-widget-heading\" data-id=\"e827232\" data-element_type=\"widget\" data-e-type=\"widget\" data-widget_type=\"heading.default\">\n\t\t\t\t\t<h1 class=\"elementor-heading-title elementor-size-default\">Legal Notice<\/h1>\t\t\t\t<\/div>\n\t\t\t\t<div class=\"elementor-element elementor-element-ec74a53 elementor-widget elementor-widget-heading\" data-id=\"ec74a53\" data-element_type=\"widget\" data-e-type=\"widget\" data-widget_type=\"heading.default\">\n\t\t\t\t\t<h2 class=\"elementor-heading-title elementor-size-default\">Privacy Policy<\/h2>\t\t\t\t<\/div>\n\t\t\t\t<div class=\"elementor-element elementor-element-1a9183a elementor-widget elementor-widget-text-editor\" data-id=\"1a9183a\" data-element_type=\"widget\" data-e-type=\"widget\" data-widget_type=\"text-editor.default\">\n\t\t\t\t\t\t\t\t\t<p>The Slovenian Carp Anglers Sports Club (\u0160KKS) is committed to ensuring that any data you provide through our website or by any other means will not be sold, lent, or otherwise shared with third parties.<\/p><p>All data will be treated confidentially and used solely for internal records and for the purpose for which it was provided. Your data will be carefully protected against loss, misuse, unauthorized access, disclosure, alteration, or destruction.<\/p><p>When visiting the website, certain data (IP address, date, time, referring page) are stored on the server. These data are anonymous and used solely for statistical analysis.<\/p>\t\t\t\t\t\t\t\t<\/div>\n\t\t\t\t<div class=\"elementor-element elementor-element-1a825f4 elementor-widget elementor-widget-heading\" data-id=\"1a825f4\" data-element_type=\"widget\" data-e-type=\"widget\" data-widget_type=\"heading.default\">\n\t\t\t\t\t<h3 class=\"elementor-heading-title elementor-size-default\">Cookies<\/h3>\t\t\t\t<\/div>\n\t\t\t\t<div class=\"elementor-element elementor-element-b0348f8 elementor-widget elementor-widget-text-editor\" data-id=\"b0348f8\" data-element_type=\"widget\" data-e-type=\"widget\" data-widget_type=\"text-editor.default\">\n\t\t\t\t\t\t\t\t\t<p>Our website uses \"cookies\" \u2013 small files stored on your device when you visit the site. Cookies can help facilitate your future visits to the site. You can choose to accept or reject cookies via your browser settings.<\/p><p>\u010ce \u00bbpi\u0161kotkov\u00ab ne sprejmete, nekatere spletne strani morda ne bodo prikazane pravilno ali pa vam ne bo omogo\u010den dostop do vseh informacij ali funkcionalnosti spletnih strani. (<strong><a href=\"https:\/\/carpinslovenia.com\/en\/pravilnik-o-piskotkih-eu\/\">Pravilnik o pi\u0161kotkih EU<\/a><\/strong>)<\/p>\t\t\t\t\t\t\t\t<\/div>\n\t\t\t\t<div class=\"elementor-element elementor-element-b95c4b9 elementor-widget elementor-widget-heading\" data-id=\"b95c4b9\" data-element_type=\"widget\" data-e-type=\"widget\" data-widget_type=\"heading.default\">\n\t\t\t\t\t<h3 class=\"elementor-heading-title elementor-size-default\">Disclaimer<\/h3>\t\t\t\t<\/div>\n\t\t\t\t<div class=\"elementor-element elementor-element-e8fd82d elementor-widget elementor-widget-text-editor\" data-id=\"e8fd82d\" data-element_type=\"widget\" data-e-type=\"widget\" data-widget_type=\"text-editor.default\">\n\t\t\t\t\t\t\t\t\t<p>The website is created and maintained with the utmost care. Nevertheless, the Slovenian Carp Anglers Sports Club (\u0160KKS) cannot guarantee the timeliness, accuracy, or completeness of all information on the site. All information may be changed without prior notice.<\/p><p>\u0160KKS also accepts no liability for any damage, direct or indirect, arising from the use, malfunction, or unavailability of this website.<\/p><p>In cases where these websites link to or refer to websites owned or managed by third parties, \u0160KKS assumes no responsibility for the content or functioning of those external sites.<\/p>\t\t\t\t\t\t\t\t<\/div>\n\t\t\t\t<div class=\"elementor-element elementor-element-611a899 elementor-widget elementor-widget-heading\" data-id=\"611a899\" data-element_type=\"widget\" data-e-type=\"widget\" data-widget_type=\"heading.default\">\n\t\t\t\t\t<h2 class=\"elementor-heading-title elementor-size-default\">Copyright<\/h2>\t\t\t\t<\/div>\n\t\t\t\t<div class=\"elementor-element elementor-element-7963124 elementor-widget elementor-widget-text-editor\" data-id=\"7963124\" data-element_type=\"widget\" data-e-type=\"widget\" data-widget_type=\"text-editor.default\">\n\t\t\t\t\t\t\t\t\t<p>All texts, images, graphics, animations, and other documents contained on this website are protected by copyright or other intellectual property rights within the limits of the law.<\/p><p>Content from the website may not be copied, distributed, modified, or reproduced in any form without written consent from the Slovenian Carp Anglers Sports Club (\u0160KKS), which actively enforces its intellectual property rights to the fullest extent permitted by law.<\/p>\t\t\t\t\t\t\t\t<\/div>\n\t\t\t\t\t<\/div>\n\t\t\t\t<\/div>\n\t\t\t\t<\/div>","protected":false},"excerpt":{"rendered":"<p>Pravno obvestilo Varstvo osebnih podatkov \u0160portni klub kraparjev Slovenije (\u0160KKS) se zavezuje, da se podatki, ki jih boste posredovali preko spletnih strani ali na kakr\u0161enkoli drug na\u010din, ne bodo prodajali,&hellip;<\/p>","protected":false},"author":1,"featured_media":0,"parent":0,"menu_order":0,"comment_status":"closed","ping_status":"closed","template":"template-full-width.php","meta":{"footnotes":""},"class_list":["post-908","page","type-page","status-publish","hentry"],"_links":{"self":[{"href":"https:\/\/carpinslovenia.com\/en\/wp-json\/wp\/v2\/pages\/908","targetHints":{"allow":["GET"]}}],"collection":[{"href":"https:\/\/carpinslovenia.com\/en\/wp-json\/wp\/v2\/pages"}],"about":[{"href":"https:\/\/carpinslovenia.com\/en\/wp-json\/wp\/v2\/types\/page"}],"author":[{"embeddable":true,"href":"https:\/\/carpinslovenia.com\/en\/wp-json\/wp\/v2\/users\/1"}],"replies":[{"embeddable":true,"href":"https:\/\/carpinslovenia.com\/en\/wp-json\/wp\/v2\/comments?post=908"}],"version-history":[{"count":0,"href":"https:\/\/carpinslovenia.com\/en\/wp-json\/wp\/v2\/pages\/908\/revisions"}],"wp:attachment":[{"href":"https:\/\/carpinslovenia.com\/en\/wp-json\/wp\/v2\/media?parent=908"}],"curies":[{"name":"wp","href":"https:\/\/api.w.org\/{rel}","templated":true}]}}